{"id":1146,"date":"2023-04-26T15:38:45","date_gmt":"2023-04-26T15:38:45","guid":{"rendered":"https:\/\/trisal.es\/legal-notice\/"},"modified":"2023-04-26T15:38:45","modified_gmt":"2023-04-26T15:38:45","slug":"legal-notice","status":"publish","type":"page","link":"https:\/\/trisal.es\/en\/legal-notice\/","title":{"rendered":"Legal notice"},"content":{"rendered":"<div id=\"content\" class=\"site-content content default-header-menu-content\">\n<div class=\"page-layout has-fullwidth\">\n<div class=\"page-container container-fluid\">\n<div class=\"page-row no-sidebar \">\n<div class=\"page-column page-content\">\n<div id=\"primary\" class=\"primary content-area\">\n<h1><\/h1>\n<h1>LEGAL NOTICE<\/h1>\n<p>&nbsp;<\/p>\n<p>Seg\u00fan la Ley 34\/2002 de 11 de julio, de servicios de la sociedad de la informaci\u00f3n y de comercio electr\u00f3nico, se facilitan los siguientes datos:<\/p>\n<p><strong>Prestador del servicio:<\/strong> LANCASTER PLUS, SLU<\/p>\n<p><strong>Domicilio Social:<\/strong> PG Cova Solera \u2013 CL Londres, 2 | 08191 Rub\u00ed (Barcelona)<\/p>\n<p><strong>E-mail:<\/strong> <a href=\"mailto:info@trisal.com\">info@trisal.com<\/a><\/p>\n<p><strong>C.I.F.:<\/strong> B63086425<\/p>\n<p>Sociedad inscrita en el Registro Mercantil de Barcelona en el Tomo 44116, Folio 111, Secci\u00f3n 8, Hoja B260858.<\/p>\n<p><strong>Pol\u00edtica de Privacidad<\/strong><\/p>\n<p>LANCASTER PLUS, SLU comunica que los datos personales enviados por el usuario a trav\u00e9s de este sitio web pasar\u00e1n a formar parte de un fichero sometido a la regulaci\u00f3n de la L.O. 15\/1999, de 13 de diciembre, de Protecci\u00f3n de Datos de Car\u00e1cter Personal.<\/p>\n<p>La finalidad de este fichero est\u00e1 dedicada a la correcta gesti\u00f3n de las relaciones con Vd., adem\u00e1s del env\u00edo de informaciones comerciales sobre nuestros servicios.<\/p>\n<p>A su vez, le informamos, en cumplimiento del art. 5 de la misma Ley, que Vd. tiene reconocido el derecho de Acceso, Rectificaci\u00f3n, Cancelaci\u00f3n y Oposici\u00f3n, respecto de los datos obrantes en el Fichero, y puede ejercitarlos mediante escrito a LANCASTER PLUS, SLU, PG Cova Solera \u2013 CL Londres, 2 | 08191 Rub\u00ed (Barcelona). O tambi\u00e9n enviando un e-mail a <a href=\"mailto:info@trisal.com\">info@trisal.com<\/a><\/p>\n<\/div>\n<\/div>\n<\/div>\n<\/div>\n<\/div>\n<\/div>\n","protected":false},"excerpt":{"rendered":"<p>LEGAL NOTICE &nbsp; Seg\u00fan la Ley 34\/2002 de 11 de julio, de servicios de la sociedad de la informaci\u00f3n y de comercio electr\u00f3nico, se facilitan los siguientes datos: Prestador del&#8230;<\/p>\n","protected":false},"author":1,"featured_media":0,"parent":0,"menu_order":0,"comment_status":"closed","ping_status":"closed","template":"","meta":{"footnotes":""},"class_list":["post-1146","page","type-page","status-publish"],"yoast_head":"<!-- This site is optimized with the Yoast SEO plugin v26.5 - https:\/\/yoast.com\/wordpress\/plugins\/seo\/ -->\n<title>Legal notice - Trisal<\/title>\n<meta name=\"robots\" content=\"index, follow, max-snippet:-1, max-image-preview:large, max-video-preview:-1\" \/>\n<link rel=\"canonical\" href=\"https:\/\/trisal.es\/en\/legal-notice\/\" \/>\n<meta property=\"og:locale\" content=\"en_US\" \/>\n<meta property=\"og:type\" content=\"article\" \/>\n<meta property=\"og:title\" content=\"Legal notice - Trisal\" \/>\n<meta property=\"og:description\" content=\"LEGAL NOTICE &nbsp; Seg\u00fan la Ley 34\/2002 de 11 de julio, de servicios de la sociedad de la informaci\u00f3n y de comercio electr\u00f3nico, se facilitan los siguientes datos: Prestador del...\" \/>\n<meta property=\"og:url\" content=\"https:\/\/trisal.es\/en\/legal-notice\/\" \/>\n<meta property=\"og:site_name\" content=\"Trisal\" \/>\n<meta name=\"twitter:card\" content=\"summary_large_image\" \/>\n<meta name=\"twitter:label1\" content=\"Est. reading time\" \/>\n\t<meta name=\"twitter:data1\" content=\"1 minute\" \/>\n<script type=\"application\/ld+json\" class=\"yoast-schema-graph\">{\"@context\":\"https:\/\/schema.org\",\"@graph\":[{\"@type\":\"WebPage\",\"@id\":\"https:\/\/trisal.es\/en\/legal-notice\/\",\"url\":\"https:\/\/trisal.es\/en\/legal-notice\/\",\"name\":\"Legal notice - Trisal\",\"isPartOf\":{\"@id\":\"https:\/\/trisal.es\/en\/#website\"},\"datePublished\":\"2023-04-26T15:38:45+00:00\",\"breadcrumb\":{\"@id\":\"https:\/\/trisal.es\/en\/legal-notice\/#breadcrumb\"},\"inLanguage\":\"en-US\",\"potentialAction\":[{\"@type\":\"ReadAction\",\"target\":[\"https:\/\/trisal.es\/en\/legal-notice\/\"]}]},{\"@type\":\"BreadcrumbList\",\"@id\":\"https:\/\/trisal.es\/en\/legal-notice\/#breadcrumb\",\"itemListElement\":[{\"@type\":\"ListItem\",\"position\":1,\"name\":\"Portada\",\"item\":\"https:\/\/trisal.es\/en\/\"},{\"@type\":\"ListItem\",\"position\":2,\"name\":\"Legal notice\"}]},{\"@type\":\"WebSite\",\"@id\":\"https:\/\/trisal.es\/en\/#website\",\"url\":\"https:\/\/trisal.es\/en\/\",\"name\":\"Trisal\",\"description\":\"Leaders in the manufacturing and distribution of salt,\",\"publisher\":{\"@id\":\"https:\/\/trisal.es\/en\/#organization\"},\"potentialAction\":[{\"@type\":\"SearchAction\",\"target\":{\"@type\":\"EntryPoint\",\"urlTemplate\":\"https:\/\/trisal.es\/en\/?s={search_term_string}\"},\"query-input\":{\"@type\":\"PropertyValueSpecification\",\"valueRequired\":true,\"valueName\":\"search_term_string\"}}],\"inLanguage\":\"en-US\"},{\"@type\":\"Organization\",\"@id\":\"https:\/\/trisal.es\/en\/#organization\",\"name\":\"Trisal\",\"url\":\"https:\/\/trisal.es\/en\/\",\"logo\":{\"@type\":\"ImageObject\",\"inLanguage\":\"en-US\",\"@id\":\"https:\/\/trisal.es\/en\/#\/schema\/logo\/image\/\",\"url\":\"https:\/\/trisal.es\/wp-content\/uploads\/2023\/05\/logo-azul.png\",\"contentUrl\":\"https:\/\/trisal.es\/wp-content\/uploads\/2023\/05\/logo-azul.png\",\"width\":342,\"height\":94,\"caption\":\"Trisal\"},\"image\":{\"@id\":\"https:\/\/trisal.es\/en\/#\/schema\/logo\/image\/\"}}]}<\/script>\n<!-- \/ Yoast SEO plugin. -->","yoast_head_json":{"title":"Legal notice - Trisal","robots":{"index":"index","follow":"follow","max-snippet":"max-snippet:-1","max-image-preview":"max-image-preview:large","max-video-preview":"max-video-preview:-1"},"canonical":"https:\/\/trisal.es\/en\/legal-notice\/","og_locale":"en_US","og_type":"article","og_title":"Legal notice - Trisal","og_description":"LEGAL NOTICE &nbsp; Seg\u00fan la Ley 34\/2002 de 11 de julio, de servicios de la sociedad de la informaci\u00f3n y de comercio electr\u00f3nico, se facilitan los siguientes datos: Prestador del...","og_url":"https:\/\/trisal.es\/en\/legal-notice\/","og_site_name":"Trisal","twitter_card":"summary_large_image","twitter_misc":{"Est. reading time":"1 minute"},"schema":{"@context":"https:\/\/schema.org","@graph":[{"@type":"WebPage","@id":"https:\/\/trisal.es\/en\/legal-notice\/","url":"https:\/\/trisal.es\/en\/legal-notice\/","name":"Legal notice - Trisal","isPartOf":{"@id":"https:\/\/trisal.es\/en\/#website"},"datePublished":"2023-04-26T15:38:45+00:00","breadcrumb":{"@id":"https:\/\/trisal.es\/en\/legal-notice\/#breadcrumb"},"inLanguage":"en-US","potentialAction":[{"@type":"ReadAction","target":["https:\/\/trisal.es\/en\/legal-notice\/"]}]},{"@type":"BreadcrumbList","@id":"https:\/\/trisal.es\/en\/legal-notice\/#breadcrumb","itemListElement":[{"@type":"ListItem","position":1,"name":"Portada","item":"https:\/\/trisal.es\/en\/"},{"@type":"ListItem","position":2,"name":"Legal notice"}]},{"@type":"WebSite","@id":"https:\/\/trisal.es\/en\/#website","url":"https:\/\/trisal.es\/en\/","name":"Trisal","description":"Leaders in the manufacturing and distribution of salt,","publisher":{"@id":"https:\/\/trisal.es\/en\/#organization"},"potentialAction":[{"@type":"SearchAction","target":{"@type":"EntryPoint","urlTemplate":"https:\/\/trisal.es\/en\/?s={search_term_string}"},"query-input":{"@type":"PropertyValueSpecification","valueRequired":true,"valueName":"search_term_string"}}],"inLanguage":"en-US"},{"@type":"Organization","@id":"https:\/\/trisal.es\/en\/#organization","name":"Trisal","url":"https:\/\/trisal.es\/en\/","logo":{"@type":"ImageObject","inLanguage":"en-US","@id":"https:\/\/trisal.es\/en\/#\/schema\/logo\/image\/","url":"https:\/\/trisal.es\/wp-content\/uploads\/2023\/05\/logo-azul.png","contentUrl":"https:\/\/trisal.es\/wp-content\/uploads\/2023\/05\/logo-azul.png","width":342,"height":94,"caption":"Trisal"},"image":{"@id":"https:\/\/trisal.es\/en\/#\/schema\/logo\/image\/"}}]}},"_links":{"self":[{"href":"https:\/\/trisal.es\/en\/wp-json\/wp\/v2\/pages\/1146","targetHints":{"allow":["GET"]}}],"collection":[{"href":"https:\/\/trisal.es\/en\/wp-json\/wp\/v2\/pages"}],"about":[{"href":"https:\/\/trisal.es\/en\/wp-json\/wp\/v2\/types\/page"}],"author":[{"embeddable":true,"href":"https:\/\/trisal.es\/en\/wp-json\/wp\/v2\/users\/1"}],"replies":[{"embeddable":true,"href":"https:\/\/trisal.es\/en\/wp-json\/wp\/v2\/comments?post=1146"}],"version-history":[{"count":0,"href":"https:\/\/trisal.es\/en\/wp-json\/wp\/v2\/pages\/1146\/revisions"}],"wp:attachment":[{"href":"https:\/\/trisal.es\/en\/wp-json\/wp\/v2\/media?parent=1146"}],"curies":[{"name":"wp","href":"https:\/\/api.w.org\/{rel}","templated":true}]}}