{"id":1172,"date":"2023-03-07T19:56:36","date_gmt":"2023-03-07T19:56:36","guid":{"rendered":"https:\/\/trisal.es\/privacy-policy\/"},"modified":"2023-05-18T16:16:04","modified_gmt":"2023-05-18T16:16:04","slug":"privacy-policy","status":"publish","type":"page","link":"https:\/\/trisal.es\/en\/privacy-policy\/","title":{"rendered":"Privacy policy"},"content":{"rendered":"&#13;\n<h1 class=\"wp-block-heading\">\u00a0<\/h1>&#13;\n<h1>PRIVACY POLICY<\/h1>&#13;\n<p>\u00a0<\/p>&#13;\n<p>LANCASTER PLUS, SLU comunica que los datos personales enviados por el usuario a trav\u00e9s de este sitio web pasar\u00e1n a formar parte de un fichero sometido a la regulaci\u00f3n de la L.O. 15\/1999, de 13 de diciembre, de Protecci\u00f3n de Datos de Car\u00e1cter Personal.<\/p>&#13;\n<p>La finalidad de este fichero est\u00e1 dedicada a la correcta gesti\u00f3n de las relaciones con Vd., adem\u00e1s del env\u00edo de informaciones comerciales sobre nuestros servicios.<\/p>&#13;\n<p>A su vez, le informamos, en cumplimiento del art. 5 de la misma Ley, que Vd. tiene reconocido el derecho de Acceso, Rectificaci\u00f3n, Cancelaci\u00f3n y Oposici\u00f3n, respecto de los datos obrantes en el Fichero, y puede ejercitarlos mediante escrito a LANCASTER PLUS, SLU, PG Cova Solera \u2013 CL Londres, 2 | 08191 Rub\u00ed (Barcelona). O tambi\u00e9n enviando un e-mail a info@trisal.com<\/p>&#13;\n","protected":false},"excerpt":{"rendered":"<p>&#13; \u00a0 &#13; PRIVACY POLICY &#13; \u00a0 &#13; LANCASTER PLUS, SLU comunica que los datos personales enviados por el usuario a trav\u00e9s de este sitio web pasar\u00e1n a formar parte&#8230;<\/p>\n","protected":false},"author":1,"featured_media":0,"parent":0,"menu_order":0,"comment_status":"closed","ping_status":"closed","template":"","meta":{"footnotes":""},"class_list":["post-1172","page","type-page","status-publish"],"yoast_head":"<!-- This site is optimized with the Yoast SEO plugin v26.5 - https:\/\/yoast.com\/wordpress\/plugins\/seo\/ -->\n<title>Privacy policy - Trisal<\/title>\n<meta name=\"robots\" content=\"index, follow, max-snippet:-1, max-image-preview:large, max-video-preview:-1\" \/>\n<link rel=\"canonical\" href=\"https:\/\/trisal.es\/en\/privacy-policy\/\" \/>\n<meta property=\"og:locale\" content=\"en_US\" \/>\n<meta property=\"og:type\" content=\"article\" \/>\n<meta property=\"og:title\" content=\"Privacy policy - Trisal\" \/>\n<meta property=\"og:description\" content=\"&#013; \u00a0 &#013; PRIVACY POLICY &#013; \u00a0 &#013; LANCASTER PLUS, SLU comunica que los datos personales enviados por el usuario a trav\u00e9s de este sitio web pasar\u00e1n a formar parte...\" \/>\n<meta property=\"og:url\" content=\"https:\/\/trisal.es\/en\/privacy-policy\/\" \/>\n<meta property=\"og:site_name\" content=\"Trisal\" \/>\n<meta property=\"article:modified_time\" content=\"2023-05-18T16:16:04+00:00\" \/>\n<meta name=\"twitter:card\" content=\"summary_large_image\" \/>\n<meta name=\"twitter:label1\" content=\"Est. reading time\" \/>\n\t<meta name=\"twitter:data1\" content=\"1 minute\" \/>\n<script type=\"application\/ld+json\" class=\"yoast-schema-graph\">{\"@context\":\"https:\/\/schema.org\",\"@graph\":[{\"@type\":\"WebPage\",\"@id\":\"https:\/\/trisal.es\/en\/privacy-policy\/\",\"url\":\"https:\/\/trisal.es\/en\/privacy-policy\/\",\"name\":\"Privacy policy - Trisal\",\"isPartOf\":{\"@id\":\"https:\/\/trisal.es\/en\/#website\"},\"datePublished\":\"2023-03-07T19:56:36+00:00\",\"dateModified\":\"2023-05-18T16:16:04+00:00\",\"breadcrumb\":{\"@id\":\"https:\/\/trisal.es\/en\/privacy-policy\/#breadcrumb\"},\"inLanguage\":\"en-US\",\"potentialAction\":[{\"@type\":\"ReadAction\",\"target\":[\"https:\/\/trisal.es\/en\/privacy-policy\/\"]}]},{\"@type\":\"BreadcrumbList\",\"@id\":\"https:\/\/trisal.es\/en\/privacy-policy\/#breadcrumb\",\"itemListElement\":[{\"@type\":\"ListItem\",\"position\":1,\"name\":\"Portada\",\"item\":\"https:\/\/trisal.es\/en\/\"},{\"@type\":\"ListItem\",\"position\":2,\"name\":\"Privacy policy\"}]},{\"@type\":\"WebSite\",\"@id\":\"https:\/\/trisal.es\/en\/#website\",\"url\":\"https:\/\/trisal.es\/en\/\",\"name\":\"Trisal\",\"description\":\"Leaders in the manufacturing and distribution of salt,\",\"publisher\":{\"@id\":\"https:\/\/trisal.es\/en\/#organization\"},\"potentialAction\":[{\"@type\":\"SearchAction\",\"target\":{\"@type\":\"EntryPoint\",\"urlTemplate\":\"https:\/\/trisal.es\/en\/?s={search_term_string}\"},\"query-input\":{\"@type\":\"PropertyValueSpecification\",\"valueRequired\":true,\"valueName\":\"search_term_string\"}}],\"inLanguage\":\"en-US\"},{\"@type\":\"Organization\",\"@id\":\"https:\/\/trisal.es\/en\/#organization\",\"name\":\"Trisal\",\"url\":\"https:\/\/trisal.es\/en\/\",\"logo\":{\"@type\":\"ImageObject\",\"inLanguage\":\"en-US\",\"@id\":\"https:\/\/trisal.es\/en\/#\/schema\/logo\/image\/\",\"url\":\"https:\/\/trisal.es\/wp-content\/uploads\/2023\/05\/logo-azul.png\",\"contentUrl\":\"https:\/\/trisal.es\/wp-content\/uploads\/2023\/05\/logo-azul.png\",\"width\":342,\"height\":94,\"caption\":\"Trisal\"},\"image\":{\"@id\":\"https:\/\/trisal.es\/en\/#\/schema\/logo\/image\/\"}}]}<\/script>\n<!-- \/ Yoast SEO plugin. -->","yoast_head_json":{"title":"Privacy policy - Trisal","robots":{"index":"index","follow":"follow","max-snippet":"max-snippet:-1","max-image-preview":"max-image-preview:large","max-video-preview":"max-video-preview:-1"},"canonical":"https:\/\/trisal.es\/en\/privacy-policy\/","og_locale":"en_US","og_type":"article","og_title":"Privacy policy - Trisal","og_description":"&#13; \u00a0 &#13; PRIVACY POLICY &#13; \u00a0 &#13; LANCASTER PLUS, SLU comunica que los datos personales enviados por el usuario a trav\u00e9s de este sitio web pasar\u00e1n a formar parte...","og_url":"https:\/\/trisal.es\/en\/privacy-policy\/","og_site_name":"Trisal","article_modified_time":"2023-05-18T16:16:04+00:00","twitter_card":"summary_large_image","twitter_misc":{"Est. reading time":"1 minute"},"schema":{"@context":"https:\/\/schema.org","@graph":[{"@type":"WebPage","@id":"https:\/\/trisal.es\/en\/privacy-policy\/","url":"https:\/\/trisal.es\/en\/privacy-policy\/","name":"Privacy policy - Trisal","isPartOf":{"@id":"https:\/\/trisal.es\/en\/#website"},"datePublished":"2023-03-07T19:56:36+00:00","dateModified":"2023-05-18T16:16:04+00:00","breadcrumb":{"@id":"https:\/\/trisal.es\/en\/privacy-policy\/#breadcrumb"},"inLanguage":"en-US","potentialAction":[{"@type":"ReadAction","target":["https:\/\/trisal.es\/en\/privacy-policy\/"]}]},{"@type":"BreadcrumbList","@id":"https:\/\/trisal.es\/en\/privacy-policy\/#breadcrumb","itemListElement":[{"@type":"ListItem","position":1,"name":"Portada","item":"https:\/\/trisal.es\/en\/"},{"@type":"ListItem","position":2,"name":"Privacy policy"}]},{"@type":"WebSite","@id":"https:\/\/trisal.es\/en\/#website","url":"https:\/\/trisal.es\/en\/","name":"Trisal","description":"Leaders in the manufacturing and distribution of salt,","publisher":{"@id":"https:\/\/trisal.es\/en\/#organization"},"potentialAction":[{"@type":"SearchAction","target":{"@type":"EntryPoint","urlTemplate":"https:\/\/trisal.es\/en\/?s={search_term_string}"},"query-input":{"@type":"PropertyValueSpecification","valueRequired":true,"valueName":"search_term_string"}}],"inLanguage":"en-US"},{"@type":"Organization","@id":"https:\/\/trisal.es\/en\/#organization","name":"Trisal","url":"https:\/\/trisal.es\/en\/","logo":{"@type":"ImageObject","inLanguage":"en-US","@id":"https:\/\/trisal.es\/en\/#\/schema\/logo\/image\/","url":"https:\/\/trisal.es\/wp-content\/uploads\/2023\/05\/logo-azul.png","contentUrl":"https:\/\/trisal.es\/wp-content\/uploads\/2023\/05\/logo-azul.png","width":342,"height":94,"caption":"Trisal"},"image":{"@id":"https:\/\/trisal.es\/en\/#\/schema\/logo\/image\/"}}]}},"_links":{"self":[{"href":"https:\/\/trisal.es\/en\/wp-json\/wp\/v2\/pages\/1172","targetHints":{"allow":["GET"]}}],"collection":[{"href":"https:\/\/trisal.es\/en\/wp-json\/wp\/v2\/pages"}],"about":[{"href":"https:\/\/trisal.es\/en\/wp-json\/wp\/v2\/types\/page"}],"author":[{"embeddable":true,"href":"https:\/\/trisal.es\/en\/wp-json\/wp\/v2\/users\/1"}],"replies":[{"embeddable":true,"href":"https:\/\/trisal.es\/en\/wp-json\/wp\/v2\/comments?post=1172"}],"version-history":[{"count":1,"href":"https:\/\/trisal.es\/en\/wp-json\/wp\/v2\/pages\/1172\/revisions"}],"predecessor-version":[{"id":1173,"href":"https:\/\/trisal.es\/en\/wp-json\/wp\/v2\/pages\/1172\/revisions\/1173"}],"wp:attachment":[{"href":"https:\/\/trisal.es\/en\/wp-json\/wp\/v2\/media?parent=1172"}],"curies":[{"name":"wp","href":"https:\/\/api.w.org\/{rel}","templated":true}]}}