{"id":1899,"date":"2025-12-02T08:26:43","date_gmt":"2025-12-02T08:26:43","guid":{"rendered":"https:\/\/trisal.es\/?page_id=1899"},"modified":"2025-12-09T11:34:36","modified_gmt":"2025-12-09T11:34:36","slug":"investment-project-for-improving-competitiveness","status":"publish","type":"page","link":"https:\/\/trisal.es\/en\/investment-project-for-improving-competitiveness\/","title":{"rendered":"Investment project for improving competitiveness"},"content":{"rendered":"[vc_row type=&#8221;full_width_background&#8221; full_screen_row_position=&#8221;middle&#8221; column_margin=&#8221;default&#8221; column_direction=&#8221;default&#8221; column_direction_tablet=&#8221;default&#8221; column_direction_phone=&#8221;default&#8221; bg_image=&#8221;1938&#8243; bg_position=&#8221;center center&#8221; background_image_loading=&#8221;default&#8221; bg_repeat=&#8221;no-repeat&#8221; full_height=&#8221;yes&#8221; scene_position=&#8221;center&#8221; text_color=&#8221;light&#8221; text_align=&#8221;left&#8221; row_border_radius=&#8221;none&#8221; row_border_radius_applies=&#8221;bg&#8221; overflow=&#8221;visible&#8221; class=&#8221;sobre-nosotros&#8221; id=&#8221;sobre-nosotros&#8221; enable_gradient=&#8221;true&#8221; color_overlay=&#8221;#020202&#8243; color_overlay_2=&#8221;#020202&#8243; overlay_strength=&#8221;0.3&#8243; gradient_direction=&#8221;top_to_bottom&#8221; shape_divider_position=&#8221;bottom&#8221; bg_image_animation=&#8221;none&#8221; gradient_type=&#8221;default&#8221; shape_type=&#8221;&#8221;][vc_column column_padding=&#8221;no-extra-padding&#8221; column_padding_tablet=&#8221;inherit&#8221; column_padding_phone=&#8221;inherit&#8221; column_padding_position=&#8221;all&#8221; column_element_direction_desktop=&#8221;default&#8221; column_element_spacing=&#8221;default&#8221; desktop_text_alignment=&#8221;default&#8221; tablet_text_alignment=&#8221;default&#8221; phone_text_alignment=&#8221;default&#8221; background_color_opacity=&#8221;1&#8243; background_hover_color_opacity=&#8221;1&#8243; column_backdrop_filter=&#8221;none&#8221; column_shadow=&#8221;none&#8221; column_border_radius=&#8221;none&#8221; column_link_target=&#8221;_self&#8221; column_position=&#8221;default&#8221; gradient_direction=&#8221;left_to_right&#8221; overlay_strength=&#8221;0.3&#8243; width=&#8221;1\/1&#8243; tablet_width_inherit=&#8221;default&#8221; animation_type=&#8221;default&#8221; bg_image_animation=&#8221;none&#8221; border_type=&#8221;simple&#8221; column_border_width=&#8221;none&#8221; column_border_style=&#8221;solid&#8221;][vc_row_inner column_margin=&#8221;default&#8221; column_direction=&#8221;default&#8221; column_direction_tablet=&#8221;default&#8221; column_direction_phone=&#8221;default&#8221; text_align=&#8221;left&#8221; row_position=&#8221;default&#8221; row_position_tablet=&#8221;inherit&#8221; row_position_phone=&#8221;inherit&#8221; overflow=&#8221;visible&#8221; pointer_events=&#8221;all&#8221;][vc_column_inner column_padding=&#8221;no-extra-padding&#8221; column_padding_tablet=&#8221;inherit&#8221; column_padding_phone=&#8221;inherit&#8221; column_padding_position=&#8221;all&#8221; top_margin=&#8221;90&#8243; top_margin_phone=&#8221;10&#8243; column_element_direction_desktop=&#8221;default&#8221; column_element_spacing=&#8221;default&#8221; desktop_text_alignment=&#8221;default&#8221; tablet_text_alignment=&#8221;default&#8221; phone_text_alignment=&#8221;default&#8221; background_color_opacity=&#8221;1&#8243; background_hover_color_opacity=&#8221;1&#8243; column_backdrop_filter=&#8221;none&#8221; column_shadow=&#8221;none&#8221; column_border_radius=&#8221;none&#8221; column_link_target=&#8221;_self&#8221; overflow=&#8221;visible&#8221; gradient_direction=&#8221;left_to_right&#8221; overlay_strength=&#8221;0.3&#8243; width=&#8221;6\/12&#8243; tablet_width_inherit=&#8221;default&#8221; animation_type=&#8221;default&#8221; bg_image_animation=&#8221;none&#8221; border_type=&#8221;simple&#8221; column_border_width=&#8221;none&#8221; column_border_style=&#8221;solid&#8221; column_padding_type=&#8221;default&#8221; gradient_type=&#8221;default&#8221;][vc_column_text css_animation=&#8221;fadeInUp&#8221; el_class=&#8221;text-blue&#8221;]\n<h1><span style=\"text-decoration: underline;\"><strong><span style=\"color: #ffffff; text-decoration: underline;\">INVESTMENT PROJECT FOR IMPROVING COMPETITIVENESS<\/span><\/strong><\/span><\/h1>\n[\/vc_column_text][vc_raw_html el_class=&#8221;d-none-desktop&#8221;]JTVCc2MlMjBuYW1lJTNEJTIycGllY2hhcnRfZXNfbW9iaWxlJTIyJTVEJTVCJTJGc2MlNUQ=[\/vc_raw_html][vc_column_text css_animation=&#8221;fadeInUp&#8221; el_class=&#8221;text-blue&#8221; max_width=&#8221;830&#8243; css=&#8221;.vc_custom_1765279903012{margin-right: 20% !important;}&#8221;]<span style=\"color: #ffffff;\"><strong>TRISAL S.A.<\/strong>, has carried out an investment project titled \u201cINVESTMENT PROJECT FOR IMPROVING COMPETITIVENESS\u201d with file number INPYME\/2025\/903, for which it has obtained a grant of <strong>\u20ac19,653.00<\/strong> corresponding to the 2025 call for aid to support investments for the reindustrialization made by SMEs from various industrial sectors of the Valencian Community, convened by the Department of Innovation, Industry, Trade and Tourism.<\/span><\/p>\n<p><span style=\"color: #ffffff;\"><strong>SUBSIDIZED BY:<\/strong><\/span><\/p>\n<p><span style=\"color: #ffffff;\"><img loading=\"lazy\" decoding=\"async\" class=\"alignnone wp-image-1913 \" src=\"https:\/\/trisal.es\/wp-content\/uploads\/2025\/12\/Conselleria-de-Innovacion-Industria-Comercio-y-Turismo_CMYK_ROJO_CAST-e1764664933814.png\" alt=\"\" width=\"285\" height=\"141\" srcset=\"https:\/\/trisal.es\/wp-content\/uploads\/2025\/12\/Conselleria-de-Innovacion-Industria-Comercio-y-Turismo_CMYK_ROJO_CAST-e1764664933814.png 870w, https:\/\/trisal.es\/wp-content\/uploads\/2025\/12\/Conselleria-de-Innovacion-Industria-Comercio-y-Turismo_CMYK_ROJO_CAST-e1764664933814-300x148.png 300w, https:\/\/trisal.es\/wp-content\/uploads\/2025\/12\/Conselleria-de-Innovacion-Industria-Comercio-y-Turismo_CMYK_ROJO_CAST-e1764664933814-768x380.png 768w\" sizes=\"auto, (max-width: 285px) 100vw, 285px\" \/><\/span>[\/vc_column_text][divider line_type=&#8221;No Line&#8221; custom_height=&#8221;0&#8243; custom_height_phone=&#8221;80&#8243;][\/vc_column_inner][vc_column_inner column_padding=&#8221;no-extra-padding&#8221; column_padding_tablet=&#8221;inherit&#8221; column_padding_phone=&#8221;inherit&#8221; column_padding_position=&#8221;all&#8221; column_element_direction_desktop=&#8221;default&#8221; column_element_spacing=&#8221;default&#8221; desktop_text_alignment=&#8221;default&#8221; tablet_text_alignment=&#8221;default&#8221; phone_text_alignment=&#8221;default&#8221; background_color_opacity=&#8221;1&#8243; background_hover_color_opacity=&#8221;1&#8243; column_backdrop_filter=&#8221;none&#8221; column_shadow=&#8221;none&#8221; column_border_radius=&#8221;none&#8221; column_link_target=&#8221;_self&#8221; overflow=&#8221;visible&#8221; gradient_direction=&#8221;left_to_right&#8221; overlay_strength=&#8221;0.3&#8243; width=&#8221;1\/12&#8243; tablet_width_inherit=&#8221;default&#8221; animation_type=&#8221;default&#8221; bg_image_animation=&#8221;none&#8221; border_type=&#8221;simple&#8221; column_border_width=&#8221;none&#8221; column_border_style=&#8221;solid&#8221; column_padding_type=&#8221;default&#8221; gradient_type=&#8221;default&#8221;][\/vc_column_inner][vc_column_inner column_padding=&#8221;no-extra-padding&#8221; column_padding_tablet=&#8221;inherit&#8221; column_padding_phone=&#8221;inherit&#8221; column_padding_position=&#8221;all&#8221; top_margin=&#8221;90&#8243; top_margin_phone=&#8221;-20&#8243; column_element_direction_desktop=&#8221;default&#8221; column_element_spacing=&#8221;default&#8221; desktop_text_alignment=&#8221;default&#8221; tablet_text_alignment=&#8221;default&#8221; phone_text_alignment=&#8221;default&#8221; background_color_opacity=&#8221;1&#8243; background_hover_color_opacity=&#8221;1&#8243; column_backdrop_filter=&#8221;none&#8221; column_shadow=&#8221;none&#8221; column_border_radius=&#8221;none&#8221; column_link_target=&#8221;_self&#8221; overflow=&#8221;visible&#8221; gradient_direction=&#8221;left_to_right&#8221; overlay_strength=&#8221;0.3&#8243; width=&#8221;5\/12&#8243; tablet_width_inherit=&#8221;default&#8221; animation_type=&#8221;default&#8221; bg_image_animation=&#8221;none&#8221; border_type=&#8221;simple&#8221; column_border_width=&#8221;none&#8221; column_border_style=&#8221;solid&#8221; column_padding_type=&#8221;default&#8221; gradient_type=&#8221;default&#8221;][vc_raw_html el_class=&#8221;d-none-mobile&#8221;]JTVCc2MlMjBuYW1lJTNEJTIycGllY2hhcnRfZW5fZGVza3RvcCUyMiU1RCU1QiUyRnNjJTVE[\/vc_raw_html][image_with_animation image_url=&#8221;1908&#8243; image_size=&#8221;full&#8221; animation_type=&#8221;entrance&#8221; animation=&#8221;Fade In&#8221; animation_easing=&#8221;default&#8221; animation_movement_type=&#8221;transform_y&#8221; hover_animation=&#8221;none&#8221; alignment=&#8221;right&#8221; border_radius=&#8221;none&#8221; box_shadow=&#8221;none&#8221; image_loading=&#8221;default&#8221; max_width=&#8221;custom&#8221; position_desktop=&#8221;relative&#8221; position_phone=&#8221;relative&#8221; top_position_desktop=&#8221;60&#8243; right_position_desktop=&#8221;50&#8243; top_position_phone=&#8221;0&#8243; right_position_phone=&#8221;0&#8243; max_width_custom=&#8221;400&#8243; el_class=&#8221;certificados-nosotros&#8221;][\/vc_column_inner][\/vc_row_inner][\/vc_column][\/vc_row]\n","protected":false},"excerpt":{"rendered":"<p>[vc_row type=&#8221;full_width_background&#8221; full_screen_row_position=&#8221;middle&#8221; column_margin=&#8221;default&#8221; column_direction=&#8221;default&#8221; column_direction_tablet=&#8221;default&#8221; column_direction_phone=&#8221;default&#8221; bg_image=&#8221;1938&#8243; bg_position=&#8221;center center&#8221; background_image_loading=&#8221;default&#8221; bg_repeat=&#8221;no-repeat&#8221; full_height=&#8221;yes&#8221; scene_position=&#8221;center&#8221; text_color=&#8221;light&#8221; text_align=&#8221;left&#8221; row_border_radius=&#8221;none&#8221; row_border_radius_applies=&#8221;bg&#8221; overflow=&#8221;visible&#8221; class=&#8221;sobre-nosotros&#8221; id=&#8221;sobre-nosotros&#8221; enable_gradient=&#8221;true&#8221; color_overlay=&#8221;#020202&#8243; color_overlay_2=&#8221;#020202&#8243; overlay_strength=&#8221;0.3&#8243; gradient_direction=&#8221;top_to_bottom&#8221; shape_divider_position=&#8221;bottom&#8221; bg_image_animation=&#8221;none&#8221; gradient_type=&#8221;default&#8221; shape_type=&#8221;&#8221;][vc_column&#8230;<\/p>\n","protected":false},"author":1,"featured_media":0,"parent":0,"menu_order":0,"comment_status":"closed","ping_status":"closed","template":"","meta":{"footnotes":""},"class_list":["post-1899","page","type-page","status-publish"],"yoast_head":"<!-- This site is optimized with the Yoast SEO plugin v26.5 - https:\/\/yoast.com\/wordpress\/plugins\/seo\/ -->\n<title>Investment project for improving competitiveness - Trisal<\/title>\n<meta name=\"description\" content=\"Somos una empresa con m\u00e1s de 50 a\u00f1os de experiencia en la elaboraci\u00f3n, fabricaci\u00f3n y comercializaci\u00f3n de disoluciones salinas.\" \/>\n<meta name=\"robots\" content=\"index, follow, max-snippet:-1, max-image-preview:large, max-video-preview:-1\" \/>\n<link rel=\"canonical\" href=\"https:\/\/trisal.es\/en\/investment-project-for-improving-competitiveness\/\" \/>\n<meta property=\"og:locale\" content=\"en_US\" \/>\n<meta property=\"og:type\" content=\"article\" \/>\n<meta property=\"og:title\" content=\"Investment project for improving competitiveness - Trisal\" \/>\n<meta property=\"og:description\" content=\"Somos una empresa con m\u00e1s de 50 a\u00f1os de experiencia en la elaboraci\u00f3n, fabricaci\u00f3n y comercializaci\u00f3n de disoluciones salinas.\" \/>\n<meta property=\"og:url\" content=\"https:\/\/trisal.es\/en\/investment-project-for-improving-competitiveness\/\" \/>\n<meta property=\"og:site_name\" content=\"Trisal\" \/>\n<meta property=\"article:modified_time\" content=\"2025-12-09T11:34:36+00:00\" \/>\n<meta property=\"og:image\" content=\"https:\/\/trisal.es\/wp-content\/uploads\/2025\/12\/Conselleria-de-Innovacion-Industria-Comercio-y-Turismo_CMYK_ROJO_CAST-e1764664933814.png\" \/>\n\t<meta property=\"og:image:width\" content=\"870\" \/>\n\t<meta property=\"og:image:height\" content=\"430\" \/>\n\t<meta property=\"og:image:type\" content=\"image\/png\" \/>\n<meta name=\"twitter:card\" content=\"summary_large_image\" \/>\n<meta name=\"twitter:label1\" content=\"Est. reading time\" \/>\n\t<meta name=\"twitter:data1\" content=\"2 minutes\" \/>\n<script type=\"application\/ld+json\" class=\"yoast-schema-graph\">{\"@context\":\"https:\/\/schema.org\",\"@graph\":[{\"@type\":\"WebPage\",\"@id\":\"https:\/\/trisal.es\/en\/investment-project-for-improving-competitiveness\/\",\"url\":\"https:\/\/trisal.es\/en\/investment-project-for-improving-competitiveness\/\",\"name\":\"Investment project for improving competitiveness - Trisal\",\"isPartOf\":{\"@id\":\"https:\/\/trisal.es\/en\/#website\"},\"primaryImageOfPage\":{\"@id\":\"https:\/\/trisal.es\/en\/investment-project-for-improving-competitiveness\/#primaryimage\"},\"image\":{\"@id\":\"https:\/\/trisal.es\/en\/investment-project-for-improving-competitiveness\/#primaryimage\"},\"thumbnailUrl\":\"https:\/\/trisal.es\/wp-content\/uploads\/2025\/12\/Conselleria-de-Innovacion-Industria-Comercio-y-Turismo_CMYK_ROJO_CAST-e1764664933814.png\",\"datePublished\":\"2025-12-02T08:26:43+00:00\",\"dateModified\":\"2025-12-09T11:34:36+00:00\",\"description\":\"Somos una empresa con m\u00e1s de 50 a\u00f1os de experiencia en la elaboraci\u00f3n, fabricaci\u00f3n y comercializaci\u00f3n de disoluciones salinas.\",\"breadcrumb\":{\"@id\":\"https:\/\/trisal.es\/en\/investment-project-for-improving-competitiveness\/#breadcrumb\"},\"inLanguage\":\"en-US\",\"potentialAction\":[{\"@type\":\"ReadAction\",\"target\":[\"https:\/\/trisal.es\/en\/investment-project-for-improving-competitiveness\/\"]}]},{\"@type\":\"ImageObject\",\"inLanguage\":\"en-US\",\"@id\":\"https:\/\/trisal.es\/en\/investment-project-for-improving-competitiveness\/#primaryimage\",\"url\":\"https:\/\/trisal.es\/wp-content\/uploads\/2025\/12\/Conselleria-de-Innovacion-Industria-Comercio-y-Turismo_CMYK_ROJO_CAST-e1764664933814.png\",\"contentUrl\":\"https:\/\/trisal.es\/wp-content\/uploads\/2025\/12\/Conselleria-de-Innovacion-Industria-Comercio-y-Turismo_CMYK_ROJO_CAST-e1764664933814.png\"},{\"@type\":\"BreadcrumbList\",\"@id\":\"https:\/\/trisal.es\/en\/investment-project-for-improving-competitiveness\/#breadcrumb\",\"itemListElement\":[{\"@type\":\"ListItem\",\"position\":1,\"name\":\"Portada\",\"item\":\"https:\/\/trisal.es\/en\/\"},{\"@type\":\"ListItem\",\"position\":2,\"name\":\"Investment project for improving competitiveness\"}]},{\"@type\":\"WebSite\",\"@id\":\"https:\/\/trisal.es\/en\/#website\",\"url\":\"https:\/\/trisal.es\/en\/\",\"name\":\"Trisal\",\"description\":\"Leaders in the manufacturing and distribution of salt,\",\"publisher\":{\"@id\":\"https:\/\/trisal.es\/en\/#organization\"},\"potentialAction\":[{\"@type\":\"SearchAction\",\"target\":{\"@type\":\"EntryPoint\",\"urlTemplate\":\"https:\/\/trisal.es\/en\/?s={search_term_string}\"},\"query-input\":{\"@type\":\"PropertyValueSpecification\",\"valueRequired\":true,\"valueName\":\"search_term_string\"}}],\"inLanguage\":\"en-US\"},{\"@type\":\"Organization\",\"@id\":\"https:\/\/trisal.es\/en\/#organization\",\"name\":\"Trisal\",\"url\":\"https:\/\/trisal.es\/en\/\",\"logo\":{\"@type\":\"ImageObject\",\"inLanguage\":\"en-US\",\"@id\":\"https:\/\/trisal.es\/en\/#\/schema\/logo\/image\/\",\"url\":\"https:\/\/trisal.es\/wp-content\/uploads\/2023\/05\/logo-azul.png\",\"contentUrl\":\"https:\/\/trisal.es\/wp-content\/uploads\/2023\/05\/logo-azul.png\",\"width\":342,\"height\":94,\"caption\":\"Trisal\"},\"image\":{\"@id\":\"https:\/\/trisal.es\/en\/#\/schema\/logo\/image\/\"}}]}<\/script>\n<!-- \/ Yoast SEO plugin. -->","yoast_head_json":{"title":"Investment project for improving competitiveness - Trisal","description":"Somos una empresa con m\u00e1s de 50 a\u00f1os de experiencia en la elaboraci\u00f3n, fabricaci\u00f3n y comercializaci\u00f3n de disoluciones salinas.","robots":{"index":"index","follow":"follow","max-snippet":"max-snippet:-1","max-image-preview":"max-image-preview:large","max-video-preview":"max-video-preview:-1"},"canonical":"https:\/\/trisal.es\/en\/investment-project-for-improving-competitiveness\/","og_locale":"en_US","og_type":"article","og_title":"Investment project for improving competitiveness - Trisal","og_description":"Somos una empresa con m\u00e1s de 50 a\u00f1os de experiencia en la elaboraci\u00f3n, fabricaci\u00f3n y comercializaci\u00f3n de disoluciones salinas.","og_url":"https:\/\/trisal.es\/en\/investment-project-for-improving-competitiveness\/","og_site_name":"Trisal","article_modified_time":"2025-12-09T11:34:36+00:00","og_image":[{"width":870,"height":430,"url":"https:\/\/trisal.es\/wp-content\/uploads\/2025\/12\/Conselleria-de-Innovacion-Industria-Comercio-y-Turismo_CMYK_ROJO_CAST-e1764664933814.png","type":"image\/png"}],"twitter_card":"summary_large_image","twitter_misc":{"Est. reading time":"2 minutes"},"schema":{"@context":"https:\/\/schema.org","@graph":[{"@type":"WebPage","@id":"https:\/\/trisal.es\/en\/investment-project-for-improving-competitiveness\/","url":"https:\/\/trisal.es\/en\/investment-project-for-improving-competitiveness\/","name":"Investment project for improving competitiveness - Trisal","isPartOf":{"@id":"https:\/\/trisal.es\/en\/#website"},"primaryImageOfPage":{"@id":"https:\/\/trisal.es\/en\/investment-project-for-improving-competitiveness\/#primaryimage"},"image":{"@id":"https:\/\/trisal.es\/en\/investment-project-for-improving-competitiveness\/#primaryimage"},"thumbnailUrl":"https:\/\/trisal.es\/wp-content\/uploads\/2025\/12\/Conselleria-de-Innovacion-Industria-Comercio-y-Turismo_CMYK_ROJO_CAST-e1764664933814.png","datePublished":"2025-12-02T08:26:43+00:00","dateModified":"2025-12-09T11:34:36+00:00","description":"Somos una empresa con m\u00e1s de 50 a\u00f1os de experiencia en la elaboraci\u00f3n, fabricaci\u00f3n y comercializaci\u00f3n de disoluciones salinas.","breadcrumb":{"@id":"https:\/\/trisal.es\/en\/investment-project-for-improving-competitiveness\/#breadcrumb"},"inLanguage":"en-US","potentialAction":[{"@type":"ReadAction","target":["https:\/\/trisal.es\/en\/investment-project-for-improving-competitiveness\/"]}]},{"@type":"ImageObject","inLanguage":"en-US","@id":"https:\/\/trisal.es\/en\/investment-project-for-improving-competitiveness\/#primaryimage","url":"https:\/\/trisal.es\/wp-content\/uploads\/2025\/12\/Conselleria-de-Innovacion-Industria-Comercio-y-Turismo_CMYK_ROJO_CAST-e1764664933814.png","contentUrl":"https:\/\/trisal.es\/wp-content\/uploads\/2025\/12\/Conselleria-de-Innovacion-Industria-Comercio-y-Turismo_CMYK_ROJO_CAST-e1764664933814.png"},{"@type":"BreadcrumbList","@id":"https:\/\/trisal.es\/en\/investment-project-for-improving-competitiveness\/#breadcrumb","itemListElement":[{"@type":"ListItem","position":1,"name":"Portada","item":"https:\/\/trisal.es\/en\/"},{"@type":"ListItem","position":2,"name":"Investment project for improving competitiveness"}]},{"@type":"WebSite","@id":"https:\/\/trisal.es\/en\/#website","url":"https:\/\/trisal.es\/en\/","name":"Trisal","description":"Leaders in the manufacturing and distribution of salt,","publisher":{"@id":"https:\/\/trisal.es\/en\/#organization"},"potentialAction":[{"@type":"SearchAction","target":{"@type":"EntryPoint","urlTemplate":"https:\/\/trisal.es\/en\/?s={search_term_string}"},"query-input":{"@type":"PropertyValueSpecification","valueRequired":true,"valueName":"search_term_string"}}],"inLanguage":"en-US"},{"@type":"Organization","@id":"https:\/\/trisal.es\/en\/#organization","name":"Trisal","url":"https:\/\/trisal.es\/en\/","logo":{"@type":"ImageObject","inLanguage":"en-US","@id":"https:\/\/trisal.es\/en\/#\/schema\/logo\/image\/","url":"https:\/\/trisal.es\/wp-content\/uploads\/2023\/05\/logo-azul.png","contentUrl":"https:\/\/trisal.es\/wp-content\/uploads\/2023\/05\/logo-azul.png","width":342,"height":94,"caption":"Trisal"},"image":{"@id":"https:\/\/trisal.es\/en\/#\/schema\/logo\/image\/"}}]}},"_links":{"self":[{"href":"https:\/\/trisal.es\/en\/wp-json\/wp\/v2\/pages\/1899","targetHints":{"allow":["GET"]}}],"collection":[{"href":"https:\/\/trisal.es\/en\/wp-json\/wp\/v2\/pages"}],"about":[{"href":"https:\/\/trisal.es\/en\/wp-json\/wp\/v2\/types\/page"}],"author":[{"embeddable":true,"href":"https:\/\/trisal.es\/en\/wp-json\/wp\/v2\/users\/1"}],"replies":[{"embeddable":true,"href":"https:\/\/trisal.es\/en\/wp-json\/wp\/v2\/comments?post=1899"}],"version-history":[{"count":5,"href":"https:\/\/trisal.es\/en\/wp-json\/wp\/v2\/pages\/1899\/revisions"}],"predecessor-version":[{"id":1955,"href":"https:\/\/trisal.es\/en\/wp-json\/wp\/v2\/pages\/1899\/revisions\/1955"}],"wp:attachment":[{"href":"https:\/\/trisal.es\/en\/wp-json\/wp\/v2\/media?parent=1899"}],"curies":[{"name":"wp","href":"https:\/\/api.w.org\/{rel}","templated":true}]}}