{"id":1226,"date":"2023-04-26T15:38:45","date_gmt":"2023-04-26T15:38:45","guid":{"rendered":"https:\/\/trisal.es\/avis-juridique\/"},"modified":"2023-04-26T15:38:45","modified_gmt":"2023-04-26T15:38:45","slug":"avis-juridique","status":"publish","type":"page","link":"https:\/\/trisal.es\/fr\/avis-juridique\/","title":{"rendered":"Avis juridique"},"content":{"rendered":"<div id=\"content\" class=\"site-content content default-header-menu-content\">\n<div class=\"page-layout has-fullwidth\">\n<div class=\"page-container container-fluid\">\n<div class=\"page-row no-sidebar \">\n<div class=\"page-column page-content\">\n<div id=\"primary\" class=\"primary content-area\">\n<h1><\/h1>\n<h1>AVIS JURIDIQUE<\/h1>\n<p>&nbsp;<\/p>\n<p>Seg\u00fan la Ley 34\/2002 de 11 de julio, de servicios de la sociedad de la informaci\u00f3n y de comercio electr\u00f3nico, se facilitan los siguientes datos:<\/p>\n<p><strong>Prestador del servicio:<\/strong> LANCASTER PLUS, SLU<\/p>\n<p><strong>Domicilio Social:<\/strong> PG Cova Solera \u2013 CL Londres, 2 | 08191 Rub\u00ed (Barcelona)<\/p>\n<p><strong>E-mail:<\/strong> <a href=\"mailto:info@trisal.com\">info@trisal.com<\/a><\/p>\n<p><strong>C.I.F.:<\/strong> B63086425<\/p>\n<p>Sociedad inscrita en el Registro Mercantil de Barcelona en el Tomo 44116, Folio 111, Secci\u00f3n 8, Hoja B260858.<\/p>\n<p><strong>Pol\u00edtica de Privacidad<\/strong><\/p>\n<p>LANCASTER PLUS, SLU comunica que los datos personales enviados por el usuario a trav\u00e9s de este sitio web pasar\u00e1n a formar parte de un fichero sometido a la regulaci\u00f3n de la L.O. 15\/1999, de 13 de diciembre, de Protecci\u00f3n de Datos de Car\u00e1cter Personal.<\/p>\n<p>La finalidad de este fichero est\u00e1 dedicada a la correcta gesti\u00f3n de las relaciones con Vd., adem\u00e1s del env\u00edo de informaciones comerciales sobre nuestros servicios.<\/p>\n<p>A su vez, le informamos, en cumplimiento del art. 5 de la misma Ley, que Vd. tiene reconocido el derecho de Acceso, Rectificaci\u00f3n, Cancelaci\u00f3n y Oposici\u00f3n, respecto de los datos obrantes en el Fichero, y puede ejercitarlos mediante escrito a LANCASTER PLUS, SLU, PG Cova Solera \u2013 CL Londres, 2 | 08191 Rub\u00ed (Barcelona). O tambi\u00e9n enviando un e-mail a <a href=\"mailto:info@trisal.com\">info@trisal.com<\/a><\/p>\n<\/div>\n<\/div>\n<\/div>\n<\/div>\n<\/div>\n<\/div>\n","protected":false},"excerpt":{"rendered":"<p>AVIS JURIDIQUE &nbsp; Seg\u00fan la Ley 34\/2002 de 11 de julio, de servicios de la sociedad de la informaci\u00f3n y de comercio electr\u00f3nico, se facilitan los siguientes datos: Prestador del&#8230;<\/p>\n","protected":false},"author":1,"featured_media":0,"parent":0,"menu_order":0,"comment_status":"closed","ping_status":"closed","template":"","meta":{"footnotes":""},"class_list":["post-1226","page","type-page","status-publish"],"yoast_head":"<!-- This site is optimized with the Yoast SEO plugin v26.5 - https:\/\/yoast.com\/wordpress\/plugins\/seo\/ -->\n<title>Avis juridique - Trisal<\/title>\n<meta name=\"robots\" content=\"index, follow, max-snippet:-1, max-image-preview:large, max-video-preview:-1\" \/>\n<link rel=\"canonical\" href=\"https:\/\/trisal.es\/fr\/avis-juridique\/\" \/>\n<meta property=\"og:locale\" content=\"fr_FR\" \/>\n<meta property=\"og:type\" content=\"article\" \/>\n<meta property=\"og:title\" content=\"Avis juridique - Trisal\" \/>\n<meta property=\"og:description\" content=\"AVIS JURIDIQUE &nbsp; Seg\u00fan la Ley 34\/2002 de 11 de julio, de servicios de la sociedad de la informaci\u00f3n y de comercio electr\u00f3nico, se facilitan los siguientes datos: Prestador del...\" \/>\n<meta property=\"og:url\" content=\"https:\/\/trisal.es\/fr\/avis-juridique\/\" \/>\n<meta property=\"og:site_name\" content=\"Trisal\" \/>\n<meta name=\"twitter:card\" content=\"summary_large_image\" \/>\n<meta name=\"twitter:label1\" content=\"Dur\u00e9e de lecture estim\u00e9e\" \/>\n\t<meta name=\"twitter:data1\" content=\"1 minute\" \/>\n<script type=\"application\/ld+json\" class=\"yoast-schema-graph\">{\"@context\":\"https:\/\/schema.org\",\"@graph\":[{\"@type\":\"WebPage\",\"@id\":\"https:\/\/trisal.es\/fr\/avis-juridique\/\",\"url\":\"https:\/\/trisal.es\/fr\/avis-juridique\/\",\"name\":\"Avis juridique - Trisal\",\"isPartOf\":{\"@id\":\"https:\/\/trisal.es\/fr\/#website\"},\"datePublished\":\"2023-04-26T15:38:45+00:00\",\"breadcrumb\":{\"@id\":\"https:\/\/trisal.es\/fr\/avis-juridique\/#breadcrumb\"},\"inLanguage\":\"fr-FR\",\"potentialAction\":[{\"@type\":\"ReadAction\",\"target\":[\"https:\/\/trisal.es\/fr\/avis-juridique\/\"]}]},{\"@type\":\"BreadcrumbList\",\"@id\":\"https:\/\/trisal.es\/fr\/avis-juridique\/#breadcrumb\",\"itemListElement\":[{\"@type\":\"ListItem\",\"position\":1,\"name\":\"Portada\",\"item\":\"https:\/\/trisal.es\/fr\/\"},{\"@type\":\"ListItem\",\"position\":2,\"name\":\"Avis juridique\"}]},{\"@type\":\"WebSite\",\"@id\":\"https:\/\/trisal.es\/fr\/#website\",\"url\":\"https:\/\/trisal.es\/fr\/\",\"name\":\"Trisal\",\"description\":\"Leaders dans la fabrication et la distribution de sel,\",\"publisher\":{\"@id\":\"https:\/\/trisal.es\/fr\/#organization\"},\"potentialAction\":[{\"@type\":\"SearchAction\",\"target\":{\"@type\":\"EntryPoint\",\"urlTemplate\":\"https:\/\/trisal.es\/fr\/?s={search_term_string}\"},\"query-input\":{\"@type\":\"PropertyValueSpecification\",\"valueRequired\":true,\"valueName\":\"search_term_string\"}}],\"inLanguage\":\"fr-FR\"},{\"@type\":\"Organization\",\"@id\":\"https:\/\/trisal.es\/fr\/#organization\",\"name\":\"Trisal\",\"url\":\"https:\/\/trisal.es\/fr\/\",\"logo\":{\"@type\":\"ImageObject\",\"inLanguage\":\"fr-FR\",\"@id\":\"https:\/\/trisal.es\/fr\/#\/schema\/logo\/image\/\",\"url\":\"https:\/\/trisal.es\/wp-content\/uploads\/2023\/05\/logo-azul.png\",\"contentUrl\":\"https:\/\/trisal.es\/wp-content\/uploads\/2023\/05\/logo-azul.png\",\"width\":342,\"height\":94,\"caption\":\"Trisal\"},\"image\":{\"@id\":\"https:\/\/trisal.es\/fr\/#\/schema\/logo\/image\/\"}}]}<\/script>\n<!-- \/ Yoast SEO plugin. -->","yoast_head_json":{"title":"Avis juridique - Trisal","robots":{"index":"index","follow":"follow","max-snippet":"max-snippet:-1","max-image-preview":"max-image-preview:large","max-video-preview":"max-video-preview:-1"},"canonical":"https:\/\/trisal.es\/fr\/avis-juridique\/","og_locale":"fr_FR","og_type":"article","og_title":"Avis juridique - Trisal","og_description":"AVIS JURIDIQUE &nbsp; Seg\u00fan la Ley 34\/2002 de 11 de julio, de servicios de la sociedad de la informaci\u00f3n y de comercio electr\u00f3nico, se facilitan los siguientes datos: Prestador del...","og_url":"https:\/\/trisal.es\/fr\/avis-juridique\/","og_site_name":"Trisal","twitter_card":"summary_large_image","twitter_misc":{"Dur\u00e9e de lecture estim\u00e9e":"1 minute"},"schema":{"@context":"https:\/\/schema.org","@graph":[{"@type":"WebPage","@id":"https:\/\/trisal.es\/fr\/avis-juridique\/","url":"https:\/\/trisal.es\/fr\/avis-juridique\/","name":"Avis juridique - Trisal","isPartOf":{"@id":"https:\/\/trisal.es\/fr\/#website"},"datePublished":"2023-04-26T15:38:45+00:00","breadcrumb":{"@id":"https:\/\/trisal.es\/fr\/avis-juridique\/#breadcrumb"},"inLanguage":"fr-FR","potentialAction":[{"@type":"ReadAction","target":["https:\/\/trisal.es\/fr\/avis-juridique\/"]}]},{"@type":"BreadcrumbList","@id":"https:\/\/trisal.es\/fr\/avis-juridique\/#breadcrumb","itemListElement":[{"@type":"ListItem","position":1,"name":"Portada","item":"https:\/\/trisal.es\/fr\/"},{"@type":"ListItem","position":2,"name":"Avis juridique"}]},{"@type":"WebSite","@id":"https:\/\/trisal.es\/fr\/#website","url":"https:\/\/trisal.es\/fr\/","name":"Trisal","description":"Leaders dans la fabrication et la distribution de sel,","publisher":{"@id":"https:\/\/trisal.es\/fr\/#organization"},"potentialAction":[{"@type":"SearchAction","target":{"@type":"EntryPoint","urlTemplate":"https:\/\/trisal.es\/fr\/?s={search_term_string}"},"query-input":{"@type":"PropertyValueSpecification","valueRequired":true,"valueName":"search_term_string"}}],"inLanguage":"fr-FR"},{"@type":"Organization","@id":"https:\/\/trisal.es\/fr\/#organization","name":"Trisal","url":"https:\/\/trisal.es\/fr\/","logo":{"@type":"ImageObject","inLanguage":"fr-FR","@id":"https:\/\/trisal.es\/fr\/#\/schema\/logo\/image\/","url":"https:\/\/trisal.es\/wp-content\/uploads\/2023\/05\/logo-azul.png","contentUrl":"https:\/\/trisal.es\/wp-content\/uploads\/2023\/05\/logo-azul.png","width":342,"height":94,"caption":"Trisal"},"image":{"@id":"https:\/\/trisal.es\/fr\/#\/schema\/logo\/image\/"}}]}},"_links":{"self":[{"href":"https:\/\/trisal.es\/fr\/wp-json\/wp\/v2\/pages\/1226","targetHints":{"allow":["GET"]}}],"collection":[{"href":"https:\/\/trisal.es\/fr\/wp-json\/wp\/v2\/pages"}],"about":[{"href":"https:\/\/trisal.es\/fr\/wp-json\/wp\/v2\/types\/page"}],"author":[{"embeddable":true,"href":"https:\/\/trisal.es\/fr\/wp-json\/wp\/v2\/users\/1"}],"replies":[{"embeddable":true,"href":"https:\/\/trisal.es\/fr\/wp-json\/wp\/v2\/comments?post=1226"}],"version-history":[{"count":0,"href":"https:\/\/trisal.es\/fr\/wp-json\/wp\/v2\/pages\/1226\/revisions"}],"wp:attachment":[{"href":"https:\/\/trisal.es\/fr\/wp-json\/wp\/v2\/media?parent=1226"}],"curies":[{"name":"wp","href":"https:\/\/api.w.org\/{rel}","templated":true}]}}