{"id":1900,"date":"2025-12-02T08:26:43","date_gmt":"2025-12-02T08:26:43","guid":{"rendered":"https:\/\/trisal.es\/?page_id=1900"},"modified":"2025-12-09T11:37:20","modified_gmt":"2025-12-09T11:37:20","slug":"projet-d-investissement-pour-l-amelioration-de-la-competitivite","status":"publish","type":"page","link":"https:\/\/trisal.es\/fr\/projet-d-investissement-pour-l-amelioration-de-la-competitivite\/","title":{"rendered":"Projet d\u2019investissement pour l\u2019am\u00e9lioration de la comp\u00e9titivit\u00e9"},"content":{"rendered":"[vc_row type=\u00a0\u00bbfull_width_background\u00a0\u00bb full_screen_row_position=\u00a0\u00bbmiddle\u00a0\u00bb column_margin=\u00a0\u00bbdefault\u00a0\u00bb column_direction=\u00a0\u00bbdefault\u00a0\u00bb column_direction_tablet=\u00a0\u00bbdefault\u00a0\u00bb column_direction_phone=\u00a0\u00bbdefault\u00a0\u00bb bg_image=\u00a0\u00bb1938&Prime; bg_position=\u00a0\u00bbcenter center\u00a0\u00bb background_image_loading=\u00a0\u00bbdefault\u00a0\u00bb bg_repeat=\u00a0\u00bbno-repeat\u00a0\u00bb full_height=\u00a0\u00bbyes\u00a0\u00bb scene_position=\u00a0\u00bbcenter\u00a0\u00bb text_color=\u00a0\u00bblight\u00a0\u00bb text_align=\u00a0\u00bbleft\u00a0\u00bb row_border_radius=\u00a0\u00bbnone\u00a0\u00bb row_border_radius_applies=\u00a0\u00bbbg\u00a0\u00bb overflow=\u00a0\u00bbvisible\u00a0\u00bb class=\u00a0\u00bbsobre-nosotros\u00a0\u00bb id=\u00a0\u00bbsobre-nosotros\u00a0\u00bb enable_gradient=\u00a0\u00bbtrue\u00a0\u00bb color_overlay=\u00a0\u00bb#020202&Prime; color_overlay_2=\u00a0\u00bb#020202&Prime; overlay_strength=\u00a0\u00bb0.3&Prime; gradient_direction=\u00a0\u00bbtop_to_bottom\u00a0\u00bb shape_divider_position=\u00a0\u00bbbottom\u00a0\u00bb bg_image_animation=\u00a0\u00bbnone\u00a0\u00bb gradient_type=\u00a0\u00bbdefault\u00a0\u00bb shape_type=\u00a0\u00bb\u00a0\u00bb][vc_column column_padding=\u00a0\u00bbno-extra-padding\u00a0\u00bb column_padding_tablet=\u00a0\u00bbinherit\u00a0\u00bb column_padding_phone=\u00a0\u00bbinherit\u00a0\u00bb column_padding_position=\u00a0\u00bball\u00a0\u00bb column_element_direction_desktop=\u00a0\u00bbdefault\u00a0\u00bb column_element_spacing=\u00a0\u00bbdefault\u00a0\u00bb desktop_text_alignment=\u00a0\u00bbdefault\u00a0\u00bb tablet_text_alignment=\u00a0\u00bbdefault\u00a0\u00bb phone_text_alignment=\u00a0\u00bbdefault\u00a0\u00bb background_color_opacity=\u00a0\u00bb1&Prime; background_hover_color_opacity=\u00a0\u00bb1&Prime; column_backdrop_filter=\u00a0\u00bbnone\u00a0\u00bb column_shadow=\u00a0\u00bbnone\u00a0\u00bb column_border_radius=\u00a0\u00bbnone\u00a0\u00bb column_link_target=\u00a0\u00bb_self\u00a0\u00bb column_position=\u00a0\u00bbdefault\u00a0\u00bb gradient_direction=\u00a0\u00bbleft_to_right\u00a0\u00bb overlay_strength=\u00a0\u00bb0.3&Prime; width=\u00a0\u00bb1\/1&Prime; tablet_width_inherit=\u00a0\u00bbdefault\u00a0\u00bb animation_type=\u00a0\u00bbdefault\u00a0\u00bb bg_image_animation=\u00a0\u00bbnone\u00a0\u00bb border_type=\u00a0\u00bbsimple\u00a0\u00bb column_border_width=\u00a0\u00bbnone\u00a0\u00bb column_border_style=\u00a0\u00bbsolid\u00a0\u00bb][vc_row_inner column_margin=\u00a0\u00bbdefault\u00a0\u00bb column_direction=\u00a0\u00bbdefault\u00a0\u00bb column_direction_tablet=\u00a0\u00bbdefault\u00a0\u00bb column_direction_phone=\u00a0\u00bbdefault\u00a0\u00bb text_align=\u00a0\u00bbleft\u00a0\u00bb row_position=\u00a0\u00bbdefault\u00a0\u00bb row_position_tablet=\u00a0\u00bbinherit\u00a0\u00bb row_position_phone=\u00a0\u00bbinherit\u00a0\u00bb overflow=\u00a0\u00bbvisible\u00a0\u00bb pointer_events=\u00a0\u00bball\u00a0\u00bb][vc_column_inner column_padding=\u00a0\u00bbno-extra-padding\u00a0\u00bb column_padding_tablet=\u00a0\u00bbinherit\u00a0\u00bb column_padding_phone=\u00a0\u00bbinherit\u00a0\u00bb column_padding_position=\u00a0\u00bball\u00a0\u00bb top_margin=\u00a0\u00bb90&Prime; top_margin_phone=\u00a0\u00bb10&Prime; column_element_direction_desktop=\u00a0\u00bbdefault\u00a0\u00bb column_element_spacing=\u00a0\u00bbdefault\u00a0\u00bb desktop_text_alignment=\u00a0\u00bbdefault\u00a0\u00bb tablet_text_alignment=\u00a0\u00bbdefault\u00a0\u00bb phone_text_alignment=\u00a0\u00bbdefault\u00a0\u00bb background_color_opacity=\u00a0\u00bb1&Prime; background_hover_color_opacity=\u00a0\u00bb1&Prime; column_backdrop_filter=\u00a0\u00bbnone\u00a0\u00bb column_shadow=\u00a0\u00bbnone\u00a0\u00bb column_border_radius=\u00a0\u00bbnone\u00a0\u00bb column_link_target=\u00a0\u00bb_self\u00a0\u00bb overflow=\u00a0\u00bbvisible\u00a0\u00bb gradient_direction=\u00a0\u00bbleft_to_right\u00a0\u00bb overlay_strength=\u00a0\u00bb0.3&Prime; width=\u00a0\u00bb6\/12&Prime; tablet_width_inherit=\u00a0\u00bbdefault\u00a0\u00bb animation_type=\u00a0\u00bbdefault\u00a0\u00bb bg_image_animation=\u00a0\u00bbnone\u00a0\u00bb border_type=\u00a0\u00bbsimple\u00a0\u00bb column_border_width=\u00a0\u00bbnone\u00a0\u00bb column_border_style=\u00a0\u00bbsolid\u00a0\u00bb column_padding_type=\u00a0\u00bbdefault\u00a0\u00bb gradient_type=\u00a0\u00bbdefault\u00a0\u00bb][vc_column_text css_animation=\u00a0\u00bbfadeInUp\u00a0\u00bb el_class=\u00a0\u00bbtext-blue\u00a0\u00bb]\n<h1><span style=\"text-decoration: underline;\"><strong><span style=\"color: #ffffff; text-decoration: underline;\">PROJET D\u2019INVESTISSEMENT POUR L\u2019AM\u00c9LIORATION DE LA COMP\u00c9TITIVIT\u00c9<\/span><\/strong><\/span><\/h1>\n[\/vc_column_text][vc_raw_html el_class=\u00a0\u00bbd-none-desktop\u00a0\u00bb]JTVCc2MlMjBuYW1lJTNEJTIycGllY2hhcnRfZXNfbW9iaWxlJTIyJTVEJTVCJTJGc2MlNUQ=[\/vc_raw_html][vc_column_text css_animation=\u00a0\u00bbfadeInUp\u00a0\u00bb el_class=\u00a0\u00bbtext-blue\u00a0\u00bb max_width=\u00a0\u00bb830&Prime; css=\u00a0\u00bb.vc_custom_1765280163141{margin-right: 20% !important;}\u00a0\u00bb]<span style=\"color: #ffffff;\"><strong>TRISAL S.A.<\/strong> a r\u00e9alis\u00e9 un projet d\u2019investissement intitul\u00e9 \u201cPROJET D\u2019INVESTISSEMENT POUR L\u2019AM\u00c9LIORATION DE LA COMP\u00c9TITIVIT\u00c9\u201d, avec le num\u00e9ro de dossier INPYME\/2025\/903, pour lequel elle a obtenu une subvention de <strong>19.653,00 \u20ac<\/strong> correspondant \u00e0 l\u2019appel \u00e0 projets pour l\u2019exercice 2025, destin\u00e9 \u00e0 soutenir les investissements pour la r\u00e9industrialisation r\u00e9alis\u00e9s par les PME de divers secteurs industriels de la Communaut\u00e9 Valencienne, convoqu\u00e9 par la Conselleria de l\u2019Innovation, de l\u2019Industrie, du Commerce et du Tourisme.<\/span><\/p>\n<p><span style=\"color: #ffffff;\"><strong>SUBVENTIONN\u00c9 PAR :<\/strong><\/span><br \/>\n<span style=\"color: #ffffff;\"><img loading=\"lazy\" decoding=\"async\" class=\"alignnone wp-image-1913 \" src=\"https:\/\/trisal.es\/wp-content\/uploads\/2025\/12\/Conselleria-de-Innovacion-Industria-Comercio-y-Turismo_CMYK_ROJO_CAST-e1764664933814.png\" alt=\"\" width=\"285\" height=\"141\" srcset=\"https:\/\/trisal.es\/wp-content\/uploads\/2025\/12\/Conselleria-de-Innovacion-Industria-Comercio-y-Turismo_CMYK_ROJO_CAST-e1764664933814.png 870w, https:\/\/trisal.es\/wp-content\/uploads\/2025\/12\/Conselleria-de-Innovacion-Industria-Comercio-y-Turismo_CMYK_ROJO_CAST-e1764664933814-300x148.png 300w, https:\/\/trisal.es\/wp-content\/uploads\/2025\/12\/Conselleria-de-Innovacion-Industria-Comercio-y-Turismo_CMYK_ROJO_CAST-e1764664933814-768x380.png 768w\" sizes=\"auto, (max-width: 285px) 100vw, 285px\" \/><\/span>[\/vc_column_text][divider line_type=\u00a0\u00bbNo Line\u00a0\u00bb custom_height=\u00a0\u00bb0&Prime; custom_height_phone=\u00a0\u00bb80&Prime;][\/vc_column_inner][vc_column_inner column_padding=\u00a0\u00bbno-extra-padding\u00a0\u00bb column_padding_tablet=\u00a0\u00bbinherit\u00a0\u00bb column_padding_phone=\u00a0\u00bbinherit\u00a0\u00bb column_padding_position=\u00a0\u00bball\u00a0\u00bb column_element_direction_desktop=\u00a0\u00bbdefault\u00a0\u00bb column_element_spacing=\u00a0\u00bbdefault\u00a0\u00bb desktop_text_alignment=\u00a0\u00bbdefault\u00a0\u00bb tablet_text_alignment=\u00a0\u00bbdefault\u00a0\u00bb phone_text_alignment=\u00a0\u00bbdefault\u00a0\u00bb background_color_opacity=\u00a0\u00bb1&Prime; background_hover_color_opacity=\u00a0\u00bb1&Prime; column_backdrop_filter=\u00a0\u00bbnone\u00a0\u00bb column_shadow=\u00a0\u00bbnone\u00a0\u00bb column_border_radius=\u00a0\u00bbnone\u00a0\u00bb column_link_target=\u00a0\u00bb_self\u00a0\u00bb overflow=\u00a0\u00bbvisible\u00a0\u00bb gradient_direction=\u00a0\u00bbleft_to_right\u00a0\u00bb overlay_strength=\u00a0\u00bb0.3&Prime; width=\u00a0\u00bb1\/12&Prime; tablet_width_inherit=\u00a0\u00bbdefault\u00a0\u00bb animation_type=\u00a0\u00bbdefault\u00a0\u00bb bg_image_animation=\u00a0\u00bbnone\u00a0\u00bb border_type=\u00a0\u00bbsimple\u00a0\u00bb column_border_width=\u00a0\u00bbnone\u00a0\u00bb column_border_style=\u00a0\u00bbsolid\u00a0\u00bb column_padding_type=\u00a0\u00bbdefault\u00a0\u00bb gradient_type=\u00a0\u00bbdefault\u00a0\u00bb][\/vc_column_inner][vc_column_inner column_padding=\u00a0\u00bbno-extra-padding\u00a0\u00bb column_padding_tablet=\u00a0\u00bbinherit\u00a0\u00bb column_padding_phone=\u00a0\u00bbinherit\u00a0\u00bb column_padding_position=\u00a0\u00bball\u00a0\u00bb top_margin=\u00a0\u00bb90&Prime; top_margin_phone=\u00a0\u00bb-20&Prime; column_element_direction_desktop=\u00a0\u00bbdefault\u00a0\u00bb column_element_spacing=\u00a0\u00bbdefault\u00a0\u00bb desktop_text_alignment=\u00a0\u00bbdefault\u00a0\u00bb tablet_text_alignment=\u00a0\u00bbdefault\u00a0\u00bb phone_text_alignment=\u00a0\u00bbdefault\u00a0\u00bb background_color_opacity=\u00a0\u00bb1&Prime; background_hover_color_opacity=\u00a0\u00bb1&Prime; column_backdrop_filter=\u00a0\u00bbnone\u00a0\u00bb column_shadow=\u00a0\u00bbnone\u00a0\u00bb column_border_radius=\u00a0\u00bbnone\u00a0\u00bb column_link_target=\u00a0\u00bb_self\u00a0\u00bb overflow=\u00a0\u00bbvisible\u00a0\u00bb gradient_direction=\u00a0\u00bbleft_to_right\u00a0\u00bb overlay_strength=\u00a0\u00bb0.3&Prime; width=\u00a0\u00bb5\/12&Prime; tablet_width_inherit=\u00a0\u00bbdefault\u00a0\u00bb animation_type=\u00a0\u00bbdefault\u00a0\u00bb bg_image_animation=\u00a0\u00bbnone\u00a0\u00bb border_type=\u00a0\u00bbsimple\u00a0\u00bb column_border_width=\u00a0\u00bbnone\u00a0\u00bb column_border_style=\u00a0\u00bbsolid\u00a0\u00bb column_padding_type=\u00a0\u00bbdefault\u00a0\u00bb gradient_type=\u00a0\u00bbdefault\u00a0\u00bb][vc_raw_html el_class=\u00a0\u00bbd-none-mobile\u00a0\u00bb]JTVCc2MlMjBuYW1lJTNEJTIycGllY2hhcnRfZnJfZGVza3RvcCUyMiU1RCU1QiUyRnNjJTVE[\/vc_raw_html][image_with_animation image_url=\u00a0\u00bb1908&Prime; image_size=\u00a0\u00bbfull\u00a0\u00bb animation_type=\u00a0\u00bbentrance\u00a0\u00bb animation=\u00a0\u00bbFade In\u00a0\u00bb animation_easing=\u00a0\u00bbdefault\u00a0\u00bb animation_movement_type=\u00a0\u00bbtransform_y\u00a0\u00bb hover_animation=\u00a0\u00bbnone\u00a0\u00bb alignment=\u00a0\u00bbright\u00a0\u00bb border_radius=\u00a0\u00bbnone\u00a0\u00bb box_shadow=\u00a0\u00bbnone\u00a0\u00bb image_loading=\u00a0\u00bbdefault\u00a0\u00bb max_width=\u00a0\u00bbcustom\u00a0\u00bb position_desktop=\u00a0\u00bbrelative\u00a0\u00bb position_phone=\u00a0\u00bbrelative\u00a0\u00bb top_position_desktop=\u00a0\u00bb60&Prime; right_position_desktop=\u00a0\u00bb50&Prime; top_position_phone=\u00a0\u00bb0&Prime; right_position_phone=\u00a0\u00bb0&Prime; max_width_custom=\u00a0\u00bb400&Prime; el_class=\u00a0\u00bbcertificados-nosotros\u00a0\u00bb][\/vc_column_inner][\/vc_row_inner][\/vc_column][\/vc_row]\n","protected":false},"excerpt":{"rendered":"<p>[vc_row type=\u00a0\u00bbfull_width_background\u00a0\u00bb full_screen_row_position=\u00a0\u00bbmiddle\u00a0\u00bb column_margin=\u00a0\u00bbdefault\u00a0\u00bb column_direction=\u00a0\u00bbdefault\u00a0\u00bb column_direction_tablet=\u00a0\u00bbdefault\u00a0\u00bb column_direction_phone=\u00a0\u00bbdefault\u00a0\u00bb bg_image=\u00a0\u00bb1938&Prime; bg_position=\u00a0\u00bbcenter center\u00a0\u00bb background_image_loading=\u00a0\u00bbdefault\u00a0\u00bb bg_repeat=\u00a0\u00bbno-repeat\u00a0\u00bb full_height=\u00a0\u00bbyes\u00a0\u00bb scene_position=\u00a0\u00bbcenter\u00a0\u00bb text_color=\u00a0\u00bblight\u00a0\u00bb text_align=\u00a0\u00bbleft\u00a0\u00bb row_border_radius=\u00a0\u00bbnone\u00a0\u00bb row_border_radius_applies=\u00a0\u00bbbg\u00a0\u00bb overflow=\u00a0\u00bbvisible\u00a0\u00bb class=\u00a0\u00bbsobre-nosotros\u00a0\u00bb id=\u00a0\u00bbsobre-nosotros\u00a0\u00bb enable_gradient=\u00a0\u00bbtrue\u00a0\u00bb color_overlay=\u00a0\u00bb#020202&Prime; color_overlay_2=\u00a0\u00bb#020202&Prime; overlay_strength=\u00a0\u00bb0.3&Prime; gradient_direction=\u00a0\u00bbtop_to_bottom\u00a0\u00bb shape_divider_position=\u00a0\u00bbbottom\u00a0\u00bb bg_image_animation=\u00a0\u00bbnone\u00a0\u00bb gradient_type=\u00a0\u00bbdefault\u00a0\u00bb shape_type=\u00a0\u00bb\u00a0\u00bb][vc_column&#8230;<\/p>\n","protected":false},"author":1,"featured_media":0,"parent":0,"menu_order":0,"comment_status":"closed","ping_status":"closed","template":"","meta":{"footnotes":""},"class_list":["post-1900","page","type-page","status-publish"],"yoast_head":"<!-- This site is optimized with the Yoast SEO plugin v26.5 - https:\/\/yoast.com\/wordpress\/plugins\/seo\/ -->\n<title>Projet d\u2019investissement pour l\u2019am\u00e9lioration de la comp\u00e9titivit\u00e9 - Trisal<\/title>\n<meta name=\"description\" content=\"Somos una empresa con m\u00e1s de 50 a\u00f1os de experiencia en la elaboraci\u00f3n, fabricaci\u00f3n y comercializaci\u00f3n de disoluciones salinas.\" \/>\n<meta name=\"robots\" content=\"index, follow, max-snippet:-1, max-image-preview:large, max-video-preview:-1\" \/>\n<link rel=\"canonical\" href=\"https:\/\/trisal.es\/fr\/projet-d-investissement-pour-l-amelioration-de-la-competitivite\/\" \/>\n<meta property=\"og:locale\" content=\"fr_FR\" \/>\n<meta property=\"og:type\" content=\"article\" \/>\n<meta property=\"og:title\" content=\"Projet d\u2019investissement pour l\u2019am\u00e9lioration de la comp\u00e9titivit\u00e9 - Trisal\" \/>\n<meta property=\"og:description\" content=\"Somos una empresa con m\u00e1s de 50 a\u00f1os de experiencia en la elaboraci\u00f3n, fabricaci\u00f3n y comercializaci\u00f3n de disoluciones salinas.\" \/>\n<meta property=\"og:url\" content=\"https:\/\/trisal.es\/fr\/projet-d-investissement-pour-l-amelioration-de-la-competitivite\/\" \/>\n<meta property=\"og:site_name\" content=\"Trisal\" \/>\n<meta property=\"article:modified_time\" content=\"2025-12-09T11:37:20+00:00\" \/>\n<meta property=\"og:image\" content=\"https:\/\/trisal.es\/wp-content\/uploads\/2025\/12\/Conselleria-de-Innovacion-Industria-Comercio-y-Turismo_CMYK_ROJO_CAST-e1764664933814.png\" \/>\n\t<meta property=\"og:image:width\" content=\"870\" \/>\n\t<meta property=\"og:image:height\" content=\"430\" \/>\n\t<meta property=\"og:image:type\" content=\"image\/png\" \/>\n<meta name=\"twitter:card\" content=\"summary_large_image\" \/>\n<meta name=\"twitter:label1\" content=\"Dur\u00e9e de lecture estim\u00e9e\" \/>\n\t<meta name=\"twitter:data1\" content=\"2 minutes\" \/>\n<script type=\"application\/ld+json\" class=\"yoast-schema-graph\">{\"@context\":\"https:\/\/schema.org\",\"@graph\":[{\"@type\":\"WebPage\",\"@id\":\"https:\/\/trisal.es\/fr\/projet-d-investissement-pour-l-amelioration-de-la-competitivite\/\",\"url\":\"https:\/\/trisal.es\/fr\/projet-d-investissement-pour-l-amelioration-de-la-competitivite\/\",\"name\":\"Projet d\u2019investissement pour l\u2019am\u00e9lioration de la comp\u00e9titivit\u00e9 - Trisal\",\"isPartOf\":{\"@id\":\"https:\/\/trisal.es\/fr\/#website\"},\"primaryImageOfPage\":{\"@id\":\"https:\/\/trisal.es\/fr\/projet-d-investissement-pour-l-amelioration-de-la-competitivite\/#primaryimage\"},\"image\":{\"@id\":\"https:\/\/trisal.es\/fr\/projet-d-investissement-pour-l-amelioration-de-la-competitivite\/#primaryimage\"},\"thumbnailUrl\":\"https:\/\/trisal.es\/wp-content\/uploads\/2025\/12\/Conselleria-de-Innovacion-Industria-Comercio-y-Turismo_CMYK_ROJO_CAST-e1764664933814.png\",\"datePublished\":\"2025-12-02T08:26:43+00:00\",\"dateModified\":\"2025-12-09T11:37:20+00:00\",\"description\":\"Somos una empresa con m\u00e1s de 50 a\u00f1os de experiencia en la elaboraci\u00f3n, fabricaci\u00f3n y comercializaci\u00f3n de disoluciones salinas.\",\"breadcrumb\":{\"@id\":\"https:\/\/trisal.es\/fr\/projet-d-investissement-pour-l-amelioration-de-la-competitivite\/#breadcrumb\"},\"inLanguage\":\"fr-FR\",\"potentialAction\":[{\"@type\":\"ReadAction\",\"target\":[\"https:\/\/trisal.es\/fr\/projet-d-investissement-pour-l-amelioration-de-la-competitivite\/\"]}]},{\"@type\":\"ImageObject\",\"inLanguage\":\"fr-FR\",\"@id\":\"https:\/\/trisal.es\/fr\/projet-d-investissement-pour-l-amelioration-de-la-competitivite\/#primaryimage\",\"url\":\"https:\/\/trisal.es\/wp-content\/uploads\/2025\/12\/Conselleria-de-Innovacion-Industria-Comercio-y-Turismo_CMYK_ROJO_CAST-e1764664933814.png\",\"contentUrl\":\"https:\/\/trisal.es\/wp-content\/uploads\/2025\/12\/Conselleria-de-Innovacion-Industria-Comercio-y-Turismo_CMYK_ROJO_CAST-e1764664933814.png\"},{\"@type\":\"BreadcrumbList\",\"@id\":\"https:\/\/trisal.es\/fr\/projet-d-investissement-pour-l-amelioration-de-la-competitivite\/#breadcrumb\",\"itemListElement\":[{\"@type\":\"ListItem\",\"position\":1,\"name\":\"Portada\",\"item\":\"https:\/\/trisal.es\/fr\/\"},{\"@type\":\"ListItem\",\"position\":2,\"name\":\"Projet d\u2019investissement pour l\u2019am\u00e9lioration de la comp\u00e9titivit\u00e9\"}]},{\"@type\":\"WebSite\",\"@id\":\"https:\/\/trisal.es\/fr\/#website\",\"url\":\"https:\/\/trisal.es\/fr\/\",\"name\":\"Trisal\",\"description\":\"Leaders dans la fabrication et la distribution de sel,\",\"publisher\":{\"@id\":\"https:\/\/trisal.es\/fr\/#organization\"},\"potentialAction\":[{\"@type\":\"SearchAction\",\"target\":{\"@type\":\"EntryPoint\",\"urlTemplate\":\"https:\/\/trisal.es\/fr\/?s={search_term_string}\"},\"query-input\":{\"@type\":\"PropertyValueSpecification\",\"valueRequired\":true,\"valueName\":\"search_term_string\"}}],\"inLanguage\":\"fr-FR\"},{\"@type\":\"Organization\",\"@id\":\"https:\/\/trisal.es\/fr\/#organization\",\"name\":\"Trisal\",\"url\":\"https:\/\/trisal.es\/fr\/\",\"logo\":{\"@type\":\"ImageObject\",\"inLanguage\":\"fr-FR\",\"@id\":\"https:\/\/trisal.es\/fr\/#\/schema\/logo\/image\/\",\"url\":\"https:\/\/trisal.es\/wp-content\/uploads\/2023\/05\/logo-azul.png\",\"contentUrl\":\"https:\/\/trisal.es\/wp-content\/uploads\/2023\/05\/logo-azul.png\",\"width\":342,\"height\":94,\"caption\":\"Trisal\"},\"image\":{\"@id\":\"https:\/\/trisal.es\/fr\/#\/schema\/logo\/image\/\"}}]}<\/script>\n<!-- \/ Yoast SEO plugin. -->","yoast_head_json":{"title":"Projet d\u2019investissement pour l\u2019am\u00e9lioration de la comp\u00e9titivit\u00e9 - Trisal","description":"Somos una empresa con m\u00e1s de 50 a\u00f1os de experiencia en la elaboraci\u00f3n, fabricaci\u00f3n y comercializaci\u00f3n de disoluciones salinas.","robots":{"index":"index","follow":"follow","max-snippet":"max-snippet:-1","max-image-preview":"max-image-preview:large","max-video-preview":"max-video-preview:-1"},"canonical":"https:\/\/trisal.es\/fr\/projet-d-investissement-pour-l-amelioration-de-la-competitivite\/","og_locale":"fr_FR","og_type":"article","og_title":"Projet d\u2019investissement pour l\u2019am\u00e9lioration de la comp\u00e9titivit\u00e9 - Trisal","og_description":"Somos una empresa con m\u00e1s de 50 a\u00f1os de experiencia en la elaboraci\u00f3n, fabricaci\u00f3n y comercializaci\u00f3n de disoluciones salinas.","og_url":"https:\/\/trisal.es\/fr\/projet-d-investissement-pour-l-amelioration-de-la-competitivite\/","og_site_name":"Trisal","article_modified_time":"2025-12-09T11:37:20+00:00","og_image":[{"width":870,"height":430,"url":"https:\/\/trisal.es\/wp-content\/uploads\/2025\/12\/Conselleria-de-Innovacion-Industria-Comercio-y-Turismo_CMYK_ROJO_CAST-e1764664933814.png","type":"image\/png"}],"twitter_card":"summary_large_image","twitter_misc":{"Dur\u00e9e de lecture estim\u00e9e":"2 minutes"},"schema":{"@context":"https:\/\/schema.org","@graph":[{"@type":"WebPage","@id":"https:\/\/trisal.es\/fr\/projet-d-investissement-pour-l-amelioration-de-la-competitivite\/","url":"https:\/\/trisal.es\/fr\/projet-d-investissement-pour-l-amelioration-de-la-competitivite\/","name":"Projet d\u2019investissement pour l\u2019am\u00e9lioration de la comp\u00e9titivit\u00e9 - Trisal","isPartOf":{"@id":"https:\/\/trisal.es\/fr\/#website"},"primaryImageOfPage":{"@id":"https:\/\/trisal.es\/fr\/projet-d-investissement-pour-l-amelioration-de-la-competitivite\/#primaryimage"},"image":{"@id":"https:\/\/trisal.es\/fr\/projet-d-investissement-pour-l-amelioration-de-la-competitivite\/#primaryimage"},"thumbnailUrl":"https:\/\/trisal.es\/wp-content\/uploads\/2025\/12\/Conselleria-de-Innovacion-Industria-Comercio-y-Turismo_CMYK_ROJO_CAST-e1764664933814.png","datePublished":"2025-12-02T08:26:43+00:00","dateModified":"2025-12-09T11:37:20+00:00","description":"Somos una empresa con m\u00e1s de 50 a\u00f1os de experiencia en la elaboraci\u00f3n, fabricaci\u00f3n y comercializaci\u00f3n de disoluciones salinas.","breadcrumb":{"@id":"https:\/\/trisal.es\/fr\/projet-d-investissement-pour-l-amelioration-de-la-competitivite\/#breadcrumb"},"inLanguage":"fr-FR","potentialAction":[{"@type":"ReadAction","target":["https:\/\/trisal.es\/fr\/projet-d-investissement-pour-l-amelioration-de-la-competitivite\/"]}]},{"@type":"ImageObject","inLanguage":"fr-FR","@id":"https:\/\/trisal.es\/fr\/projet-d-investissement-pour-l-amelioration-de-la-competitivite\/#primaryimage","url":"https:\/\/trisal.es\/wp-content\/uploads\/2025\/12\/Conselleria-de-Innovacion-Industria-Comercio-y-Turismo_CMYK_ROJO_CAST-e1764664933814.png","contentUrl":"https:\/\/trisal.es\/wp-content\/uploads\/2025\/12\/Conselleria-de-Innovacion-Industria-Comercio-y-Turismo_CMYK_ROJO_CAST-e1764664933814.png"},{"@type":"BreadcrumbList","@id":"https:\/\/trisal.es\/fr\/projet-d-investissement-pour-l-amelioration-de-la-competitivite\/#breadcrumb","itemListElement":[{"@type":"ListItem","position":1,"name":"Portada","item":"https:\/\/trisal.es\/fr\/"},{"@type":"ListItem","position":2,"name":"Projet d\u2019investissement pour l\u2019am\u00e9lioration de la comp\u00e9titivit\u00e9"}]},{"@type":"WebSite","@id":"https:\/\/trisal.es\/fr\/#website","url":"https:\/\/trisal.es\/fr\/","name":"Trisal","description":"Leaders dans la fabrication et la distribution de sel,","publisher":{"@id":"https:\/\/trisal.es\/fr\/#organization"},"potentialAction":[{"@type":"SearchAction","target":{"@type":"EntryPoint","urlTemplate":"https:\/\/trisal.es\/fr\/?s={search_term_string}"},"query-input":{"@type":"PropertyValueSpecification","valueRequired":true,"valueName":"search_term_string"}}],"inLanguage":"fr-FR"},{"@type":"Organization","@id":"https:\/\/trisal.es\/fr\/#organization","name":"Trisal","url":"https:\/\/trisal.es\/fr\/","logo":{"@type":"ImageObject","inLanguage":"fr-FR","@id":"https:\/\/trisal.es\/fr\/#\/schema\/logo\/image\/","url":"https:\/\/trisal.es\/wp-content\/uploads\/2023\/05\/logo-azul.png","contentUrl":"https:\/\/trisal.es\/wp-content\/uploads\/2023\/05\/logo-azul.png","width":342,"height":94,"caption":"Trisal"},"image":{"@id":"https:\/\/trisal.es\/fr\/#\/schema\/logo\/image\/"}}]}},"_links":{"self":[{"href":"https:\/\/trisal.es\/fr\/wp-json\/wp\/v2\/pages\/1900","targetHints":{"allow":["GET"]}}],"collection":[{"href":"https:\/\/trisal.es\/fr\/wp-json\/wp\/v2\/pages"}],"about":[{"href":"https:\/\/trisal.es\/fr\/wp-json\/wp\/v2\/types\/page"}],"author":[{"embeddable":true,"href":"https:\/\/trisal.es\/fr\/wp-json\/wp\/v2\/users\/1"}],"replies":[{"embeddable":true,"href":"https:\/\/trisal.es\/fr\/wp-json\/wp\/v2\/comments?post=1900"}],"version-history":[{"count":5,"href":"https:\/\/trisal.es\/fr\/wp-json\/wp\/v2\/pages\/1900\/revisions"}],"predecessor-version":[{"id":1959,"href":"https:\/\/trisal.es\/fr\/wp-json\/wp\/v2\/pages\/1900\/revisions\/1959"}],"wp:attachment":[{"href":"https:\/\/trisal.es\/fr\/wp-json\/wp\/v2\/media?parent=1900"}],"curies":[{"name":"wp","href":"https:\/\/api.w.org\/{rel}","templated":true}]}}